{"id":47,"date":"2023-05-01T11:06:10","date_gmt":"2023-05-01T11:06:10","guid":{"rendered":"https:\/\/pausenengel.de\/?page_id=47"},"modified":"2024-11-26T21:20:43","modified_gmt":"2024-11-26T21:20:43","slug":"zertifikat","status":"publish","type":"page","link":"https:\/\/pausenengel.de\/?page_id=47","title":{"rendered":"Zertifizierung"},"content":{"rendered":"<style>.kb-row-layout-id47_61f1cc-41 > .kt-row-column-wrap{align-content:start;}:where(.kb-row-layout-id47_61f1cc-41 > .kt-row-column-wrap) > .wp-block-kadence-column{justify-content:start;}.kb-row-layout-id47_61f1cc-41 > .kt-row-column-wrap{column-gap:var(--global-kb-gap-md, 2rem);row-gap:var(--global-kb-gap-md, 2rem);max-width:1200px;padding-bottom:var(--global-kb-spacing-md, 2rem);grid-template-columns:minmax(0, 1fr);}.kb-row-layout-id47_61f1cc-41 > .kt-row-layout-overlay{opacity:0.30;}@media all and (max-width: 1024px){.kb-row-layout-id47_61f1cc-41 > .kt-row-column-wrap{grid-template-columns:minmax(0, 1fr);}}@media all and (max-width: 767px){.kb-row-layout-id47_61f1cc-41 > .kt-row-column-wrap{grid-template-columns:minmax(0, 1fr);}}<\/style><div class=\"kb-row-layout-wrap kb-row-layout-id47_61f1cc-41 alignfull wp-block-kadence-rowlayout\"><div class=\"kt-row-column-wrap kt-has-1-columns kt-row-layout-equal kt-tab-layout-inherit kt-mobile-layout-row kt-row-valign-top kb-theme-content-width\">\n<style>.kadence-column47_dd69da-b2 > .kt-inside-inner-col,.kadence-column47_dd69da-b2 > .kt-inside-inner-col:before{border-top-left-radius:0px;border-top-right-radius:0px;border-bottom-right-radius:0px;border-bottom-left-radius:0px;}.kadence-column47_dd69da-b2 > .kt-inside-inner-col{column-gap:var(--global-kb-gap-sm, 1rem);}.kadence-column47_dd69da-b2 > .kt-inside-inner-col{flex-direction:column;}.kadence-column47_dd69da-b2 > .kt-inside-inner-col > .aligncenter{width:100%;}.kadence-column47_dd69da-b2 > .kt-inside-inner-col:before{opacity:0.3;}.kadence-column47_dd69da-b2{position:relative;}@media all and (max-width: 1024px){.kadence-column47_dd69da-b2 > .kt-inside-inner-col{flex-direction:column;justify-content:center;}}@media all and (max-width: 767px){.kadence-column47_dd69da-b2 > .kt-inside-inner-col{flex-direction:column;justify-content:center;}}<\/style>\n<div class=\"wp-block-kadence-column kadence-column47_dd69da-b2\"><div class=\"kt-inside-inner-col\">\n<p>So werdet ihr eine Pausenengel<sup>\u00a9<\/sup> Schule \u2013 denn Zivilcourage ist lernbar, Pausenengel<sup>\u00a9<\/sup> zeigen wie es geht. <br>Ihr wollt eure Schule zur Pausenengelschule \u2013 machen? Hier erfahrt ihr, welche Schritte daf\u00fcr notwendig sind.<\/p>\n\n\n\n<div class=\"wp-block-greenshift-blocks-image gspb_image gspb_image-id-gsbp-a2d70851-a573\" id=\"gspb_image-id-gsbp-a2d70851-a573\"><img decoding=\"async\" src=\"https:\/\/pausenengel.de\/wp-content\/uploads\/2023\/11\/Neues-Schild-Pausenengel.png\" data-src=\"\" alt=\"\" loading=\"lazy\" width=\"300px\" height=\"904\"\/><\/div>\n\n\n<style>.wp-block-kadence-advancedheading.kt-adv-heading47_c8de73-1c, .wp-block-kadence-advancedheading.kt-adv-heading47_c8de73-1c[data-kb-block=\"kb-adv-heading47_c8de73-1c\"]{font-style:normal;}.wp-block-kadence-advancedheading.kt-adv-heading47_c8de73-1c mark.kt-highlight, .wp-block-kadence-advancedheading.kt-adv-heading47_c8de73-1c[data-kb-block=\"kb-adv-heading47_c8de73-1c\"] mark.kt-highlight{font-style:normal;color:#f76a0c;-webkit-box-decoration-break:clone;box-decoration-break:clone;padding-top:0px;padding-right:0px;padding-bottom:0px;padding-left:0px;}.wp-block-kadence-advancedheading.kt-adv-heading47_c8de73-1c img.kb-inline-image, .wp-block-kadence-advancedheading.kt-adv-heading47_c8de73-1c[data-kb-block=\"kb-adv-heading47_c8de73-1c\"] img.kb-inline-image{width:150px;vertical-align:baseline;}<\/style>\n<h2 class=\"kt-adv-heading47_c8de73-1c wp-block-kadence-advancedheading\" data-kb-block=\"kb-adv-heading47_c8de73-1c\"><strong>Voraussetzung<\/strong><\/h2>\n\n\n\n<p>Teilnahme an einer Pr\u00e4senz- oder Online Schulung mit den Inhalten Theorie und Praxis und der Nachweis eines Fortbildungszertifikats durch den Pausenengel e.V. Diese Zertifizierung gilt erst einmal f\u00fcr 5 Jahre und kann \u00fcber den Pausenengel e.V. auf die Umsetzung der Werte des Pausenengelprojektes jederzeit \u00fcberpr\u00fcft werden.<\/p>\n\n\n\n<p>Die Antragssteller unterschreiben eine Selbstverpflichtungserkl\u00e4rung, als Pausenengelschule die Ziele und Aufgaben der Pausenengel in Achtsamkeit, Respekt und Wertsch\u00e4tzung an der Schule nachhaltig umzusetzen..<\/p>\n\n\n\n<p>Die Zertifizierungskosten entnehmen Sie bitte den aktuellen Geb\u00fchren des Pausenengel e.V.<\/p>\n\n\n\n<p>Die zertifizierte Einrichtung kann das Logo &#8222;Pausenengel e.V.&#8220; und das Zertifizierungs Schild &#8222;Zertifizierte Pausenengelschule nach den Richtlinien des Pausenengel e.V.&#8220; mit dem entsprechenden Zertifizierungscode vom Pausenengel e.V. erhalten und kann dieses als Zeichen des Qualit\u00e4tsmanagements sichtbar am oder im Schulgeb\u00e4ude anbringen.<\/p>\n\n\n\n<p>Bitte nehmen Sie dazu Kontakt mit dem Pausenengel e.V. auf.<\/p>\n\n\n<style>.wp-block-kadence-advancedheading.kt-adv-heading47_fea220-b7, .wp-block-kadence-advancedheading.kt-adv-heading47_fea220-b7[data-kb-block=\"kb-adv-heading47_fea220-b7\"]{font-style:normal;}.wp-block-kadence-advancedheading.kt-adv-heading47_fea220-b7 mark.kt-highlight, .wp-block-kadence-advancedheading.kt-adv-heading47_fea220-b7[data-kb-block=\"kb-adv-heading47_fea220-b7\"] mark.kt-highlight{font-style:normal;color:#f76a0c;-webkit-box-decoration-break:clone;box-decoration-break:clone;padding-top:0px;padding-right:0px;padding-bottom:0px;padding-left:0px;}.wp-block-kadence-advancedheading.kt-adv-heading47_fea220-b7 img.kb-inline-image, .wp-block-kadence-advancedheading.kt-adv-heading47_fea220-b7[data-kb-block=\"kb-adv-heading47_fea220-b7\"] img.kb-inline-image{width:150px;vertical-align:baseline;}<\/style>\n<h2 class=\"kt-adv-heading47_fea220-b7 wp-block-kadence-advancedheading\" data-kb-block=\"kb-adv-heading47_fea220-b7\"><strong>Selbstverpflichtung<\/strong><\/h2>\n\n\n<style>.wp-block-kadence-advancedheading.kt-adv-heading47_017cd1-05, .wp-block-kadence-advancedheading.kt-adv-heading47_017cd1-05[data-kb-block=\"kb-adv-heading47_017cd1-05\"]{font-style:normal;}.wp-block-kadence-advancedheading.kt-adv-heading47_017cd1-05 mark.kt-highlight, .wp-block-kadence-advancedheading.kt-adv-heading47_017cd1-05[data-kb-block=\"kb-adv-heading47_017cd1-05\"] mark.kt-highlight{font-style:normal;color:#f76a0c;-webkit-box-decoration-break:clone;box-decoration-break:clone;padding-top:0px;padding-right:0px;padding-bottom:0px;padding-left:0px;}.wp-block-kadence-advancedheading.kt-adv-heading47_017cd1-05 img.kb-inline-image, .wp-block-kadence-advancedheading.kt-adv-heading47_017cd1-05[data-kb-block=\"kb-adv-heading47_017cd1-05\"] img.kb-inline-image{width:150px;vertical-align:baseline;}<\/style>\n<p class=\"kt-adv-heading47_017cd1-05 wp-block-kadence-advancedheading\" data-kb-block=\"kb-adv-heading47_017cd1-05\">Der Erwerb des Pausenengelzertifikat bedeutet nicht, dass es an dieser Schule nun keinen Streit, b\u00f6se Worte oder Gewalt mehr gibt. Dies denken ist schon deshalb Quatsch, weil wir keine&nbsp; einzige Schule kennen, an der wirklich jeder Tag friedlich abl\u00e4uft.<\/p>\n\n\n\n<p>Pausenengel<sup>\u00a9<\/sup> stehen f\u00fcr Werte:<\/p>\n\n\n\n<p>H\u00f6flichkeit, Hilfsbereitschaft, Zuh\u00f6ren k\u00f6nnen, Umweltschutz, Toleranz, Wertsch\u00e4tzung, Achtsamkeit, P\u00fcnktlichkeit, Freundlichkeit, Friedfertigkeit, Sicherheit, Ordnung, Disziplin, Ehrlichkeit, N\u00e4chstenliebe, Freiheit, seelische Gesundheit, Zuverl\u00e4ssigkeit, Gerechtigkeit, Selbstbestimmung, Freundschaft, Weiterentwicklung,&nbsp; innerer Frieden und Harmonie, Humor, Lachen, Gemeinschaft, Fehler machen d\u00fcrfen und diese wieder korrigieren, Freude, H\u00f6flichkeit, Dankbarkeit, Demut, Mut, Zivilcourage, Demokratiebildung und vieles mehr.<\/p>\n\n\n\n<p>Die Bezeichnung \u201ePausenengel<sup>\u00a9<\/sup> Schule nach dem Pausenengel e.V. &nbsp;zeigt das an, was tats\u00e4chlich stimmt. Das Logo an der Schulwand bedeutet: An dieser Schule wird jeden Tag aufs Neue immer wieder das friedliche \u201eMiteinander-umgehen\u201c trainiert und gelebt.<\/p>\n\n\n\n<p>Sch\u00fcler und Sch\u00fclerinnen setzten sich f\u00fcr einen fairen Umgang ohne Mobbing&nbsp; Gewalt und Angst jeden Tag immer wieder aufs Neue ein. Sie h\u00f6ren einander zu und verwenden eine wertsch\u00e4tzende Kommunikation untereinander. Sie achten auf ihre Worte und ihr Verhalten.<\/p>\n\n\n\n<p>Das Projekt \u201ePausenengel<sup>\u00a9<\/sup>\u201c wird von den Projektverantwortlichen regelm\u00e4\u00dfig evaluiert und den aktuellen Gegebenheiten der Schule angepasst.<\/p>\n<\/div><\/div>\n\n<\/div><\/div>\n\n<style>.kb-row-layout-id47_4ea20a-99 > .kt-row-column-wrap{align-content:start;}:where(.kb-row-layout-id47_4ea20a-99 > .kt-row-column-wrap) > .wp-block-kadence-column{justify-content:start;}.kb-row-layout-id47_4ea20a-99 > .kt-row-column-wrap{column-gap:var(--global-kb-gap-md, 2rem);row-gap:var(--global-kb-gap-none, 0rem );max-width:1200px;padding-top:0px;padding-right:0px;padding-bottom:0px;padding-left:0px;grid-template-columns:minmax(0, 1fr);}.kb-row-layout-id47_4ea20a-99 > .kt-row-layout-overlay{opacity:0.30;}@media all and (max-width: 1024px){.kb-row-layout-id47_4ea20a-99 > .kt-row-column-wrap{grid-template-columns:minmax(0, 1fr);}}@media all and (max-width: 767px){.kb-row-layout-id47_4ea20a-99 > .kt-row-column-wrap{grid-template-columns:minmax(0, 1fr);}}<\/style><div class=\"kb-row-layout-wrap kb-row-layout-id47_4ea20a-99 alignfull wp-block-kadence-rowlayout\"><div class=\"kt-row-column-wrap kt-has-1-columns kt-row-layout-equal kt-tab-layout-inherit kt-mobile-layout-row kt-row-valign-top kb-theme-content-width\">\n<style>.kadence-column47_d53cb3-80 > .kt-inside-inner-col{padding-top:var(--global-kb-spacing-xl, 4rem);padding-right:var(--global-kb-spacing-xl, 4rem);padding-bottom:var(--global-kb-spacing-xl, 4rem);padding-left:var(--global-kb-spacing-xl, 4rem);}.kadence-column47_d53cb3-80 > .kt-inside-inner-col,.kadence-column47_d53cb3-80 > .kt-inside-inner-col:before{border-top-left-radius:2rem;border-top-right-radius:2rem;border-bottom-right-radius:2rem;border-bottom-left-radius:2rem;}.kadence-column47_d53cb3-80 > .kt-inside-inner-col{column-gap:var(--global-kb-gap-sm, 1rem);}.kadence-column47_d53cb3-80 > .kt-inside-inner-col{flex-direction:column;}.kadence-column47_d53cb3-80 > .kt-inside-inner-col > .aligncenter{width:100%;}.kadence-column47_d53cb3-80 > .kt-inside-inner-col{background-color:var(--theme-palette-color-5, #F7F7FD);}.kadence-column47_d53cb3-80 > .kt-inside-inner-col:before{opacity:0.3;}.kadence-column47_d53cb3-80{position:relative;}@media all and (max-width: 1024px){.kadence-column47_d53cb3-80 > .kt-inside-inner-col{padding-top:var(--global-kb-spacing-lg, 3rem);padding-right:var(--global-kb-spacing-lg, 3rem);padding-bottom:var(--global-kb-spacing-lg, 3rem);padding-left:var(--global-kb-spacing-lg, 3rem);flex-direction:column;justify-content:center;}}@media all and (max-width: 767px){.kadence-column47_d53cb3-80 > .kt-inside-inner-col{padding-top:var(--global-kb-spacing-md, 2rem);padding-right:var(--global-kb-spacing-md, 2rem);padding-bottom:var(--global-kb-spacing-md, 2rem);padding-left:var(--global-kb-spacing-md, 2rem);flex-direction:column;justify-content:center;}}<\/style>\n<div class=\"wp-block-kadence-column kadence-column47_d53cb3-80\"><div class=\"kt-inside-inner-col\"><div class='fluentform ff-inherit-theme-style fluentform_wrapper_4 fluentform-custom ff_guten_block ff_guten_block-4'><form data-form_id=\"4\" id=\"fluentform_4\" class=\"frm-fluent-form fluent_form_4 ff-el-form-top ff_form_instance_4_1 ff-form-loading ffs_inherit_theme\" data-form_instance=\"ff_form_instance_4_1\" method=\"POST\" ><fieldset  style=\"border: none!important;margin: 0!important;padding: 0!important;background-color: transparent!important;box-shadow: none!important;outline: none!important; min-inline-size: 100%;\">\n                    <legend class=\"ff_screen_reader_title\" style=\"display: block; margin: 0!important;padding: 0!important;height: 0!important;text-indent: -999999px;width: 0!important;overflow:hidden;\">Zertifikat Form<\/legend><input type='hidden' name='__fluent_form_embded_post_id' value='47' \/><input type=\"hidden\" id=\"_fluentform_4_fluentformnonce\" name=\"_fluentform_4_fluentformnonce\" value=\"5518856c43\" \/><input type=\"hidden\" name=\"_wp_http_referer\" value=\"\/index.php?rest_route=%2Fwp%2Fv2%2Fpages%2F47\" \/><div data-name=\"ff_cn_id_1\"  class='ff-t-container ff-column-container ff_columns_total_1 '><div class='ff-t-cell ff-t-column-1' style='flex-basis: 100%;'><div data-type=\"name-element\" data-name=\"names\" class=\" ff-field_container ff-name-field-wrapper\" ><div class='ff-t-container'><div class='ff-t-cell '><div class='ff-el-group  ff-el-form-hide_label'><div class=\"ff-el-input--label ff-el-is-required asterisk-right\"><label for='ff_4_names_first_name_' id='label_ff_4_names_first_name_' >Vorname des Vertreters<\/label><\/div><div class='ff-el-input--content'><input type=\"text\" name=\"names[first_name]\" id=\"ff_4_names_first_name_\" class=\"ff-el-form-control\" placeholder=\"Vorname des Vertreters *\" aria-invalid=\"false\" aria-required=true><\/div><\/div><\/div><div class='ff-t-cell '><div class='ff-el-group  ff-el-form-hide_label'><div class=\"ff-el-input--label ff-el-is-required asterisk-right\"><label for='ff_4_names_last_name_' id='label_ff_4_names_last_name_' >Nachname des Vertreters<\/label><\/div><div class='ff-el-input--content'><input type=\"text\" name=\"names[last_name]\" id=\"ff_4_names_last_name_\" class=\"ff-el-form-control\" placeholder=\"Nachname des Vertreters *\" aria-invalid=\"false\" aria-required=true><\/div><\/div><\/div><\/div><\/div><\/div><\/div><div data-name=\"ff_cn_id_2\"  class='ff-t-container ff-column-container ff_columns_total_2 '><div class='ff-t-cell ff-t-column-1' style='flex-basis: 50%;'><div class='ff-el-group ff-el-form-hide_label'><div class=\"ff-el-input--label ff-el-is-required asterisk-right\"><label for='ff_4_input_text' id='label_ff_4_input_text' aria-label=\"Name der Schule\">Name der Schule<\/label><\/div><div class='ff-el-input--content'><input type=\"text\" name=\"input_text\" class=\"ff-el-form-control\" placeholder=\"Name der Schule *\" data-name=\"input_text\" id=\"ff_4_input_text\"  aria-invalid=\"false\" aria-required=true><\/div><\/div><\/div><div class='ff-t-cell ff-t-column-2' style='flex-basis: 50%;'><div class='ff-el-group ff-el-form-hide_label'><div class=\"ff-el-input--label ff-el-is-required asterisk-right\"><label for='ff_4_input_text_1' id='label_ff_4_input_text_1' aria-label=\"Adresse\">Adresse<\/label><\/div><div class='ff-el-input--content'><input type=\"text\" name=\"input_text_1\" class=\"ff-el-form-control\" placeholder=\"Adresse *\" data-name=\"input_text_1\" id=\"ff_4_input_text_1\"  aria-invalid=\"false\" aria-required=true><\/div><\/div><\/div><\/div><div data-name=\"ff_cn_id_3\"  class='ff-t-container ff-column-container ff_columns_total_2 '><div class='ff-t-cell ff-t-column-1' style='flex-basis: 50%;'><div class='ff-el-group ff-el-form-hide_label'><div class=\"ff-el-input--label ff-el-is-required asterisk-right\"><label for='ff_4_email' id='label_ff_4_email' aria-label=\"E-Mail\">E-Mail<\/label><\/div><div class='ff-el-input--content'><input type=\"email\" name=\"email\" id=\"ff_4_email\" class=\"ff-el-form-control\" placeholder=\"E-Mail *\" data-name=\"email\"  aria-invalid=\"false\" aria-required=true><\/div><\/div><\/div><div class='ff-t-cell ff-t-column-2' style='flex-basis: 50%;'><div class='ff-el-group ff-el-form-hide_label'><div class=\"ff-el-input--label ff-el-is-required asterisk-right\"><label for='ff_4_input_text_2' id='label_ff_4_input_text_2' aria-label=\"Handynummer\">Handynummer<\/label><\/div><div class='ff-el-input--content'><input type=\"text\" name=\"input_text_2\" class=\"ff-el-form-control\" placeholder=\"Handynummer *\" data-name=\"input_text_2\" id=\"ff_4_input_text_2\"  aria-invalid=\"false\" aria-required=true><\/div><\/div><\/div><\/div><div data-name=\"ff_cn_id_4\"  class='ff-t-container ff-column-container ff_columns_total_1 '><div class='ff-t-cell ff-t-column-1' style='flex-basis: %;'><div class='ff-el-group ff-el-form-hide_label'><div class=\"ff-el-input--label ff-el-is-required asterisk-right\"><label for='ff_4_input_text_3' id='label_ff_4_input_text_3' aria-label=\"Mitteilung\">Mitteilung<\/label><\/div><div class='ff-el-input--content'><input type=\"text\" name=\"input_text_3\" class=\"ff-el-form-control\" placeholder=\"Ihre Mitteilung *\" data-name=\"input_text_3\" id=\"ff_4_input_text_3\"  aria-invalid=\"false\" aria-required=true><\/div><\/div><\/div><\/div><div class='ff-el-group ff-text-left ff_submit_btn_wrapper'><button type=\"submit\" class=\"ff-btn ff-btn-submit ff-btn-md ff_btn_no_style\"  aria-label=\"Absenden\">Absenden<\/button><\/div><\/fieldset><\/form><div id='fluentform_4_errors' class='ff-errors-in-stack ff_form_instance_4_1 ff-form-loading_errors ff_form_instance_4_1_errors'><\/div><\/div>            <script type=\"text\/javascript\">\n                window.fluent_form_ff_form_instance_4_1 = {\"id\":\"4\",\"ajaxUrl\":\"https:\\\/\\\/pausenengel.de\\\/wp-admin\\\/admin-ajax.php\",\"settings\":{\"layout\":{\"labelPlacement\":\"top\",\"helpMessagePlacement\":\"with_label\",\"errorMessagePlacement\":\"inline\",\"cssClassName\":\"\",\"asteriskPlacement\":\"asterisk-right\"},\"restrictions\":{\"denyEmptySubmission\":{\"enabled\":false}}},\"form_instance\":\"ff_form_instance_4_1\",\"form_id_selector\":\"fluentform_4\",\"rules\":{\"names[first_name]\":{\"required\":{\"value\":true,\"message\":\"This field is required\",\"global\":false,\"global_message\":\"Dieses Feld ist erforderlich\"}},\"names[middle_name]\":{\"required\":{\"value\":false,\"message\":\"This field is required\",\"global\":false,\"global_message\":\"Dieses Feld ist erforderlich\"}},\"names[last_name]\":{\"required\":{\"value\":true,\"message\":\"This field is required\",\"global\":false,\"global_message\":\"Dieses Feld ist erforderlich\"}},\"input_text\":{\"required\":{\"value\":true,\"message\":\"This field is required\",\"global\":false,\"global_message\":\"Dieses Feld ist erforderlich\"}},\"input_text_1\":{\"required\":{\"value\":true,\"message\":\"This field is required\",\"global\":false,\"global_message\":\"Dieses Feld ist erforderlich\"}},\"email\":{\"required\":{\"value\":true,\"message\":\"This field is required\",\"global\":false,\"global_message\":\"Dieses Feld ist erforderlich\"},\"email\":{\"value\":true,\"message\":\"This field must contain a valid email\",\"global\":false,\"global_message\":\"Dieses Feld muss eine g\\u00fcltige E-Mail-Adresse enthalten\"}},\"input_text_2\":{\"required\":{\"value\":true,\"message\":\"This field is required\",\"global\":false,\"global_message\":\"Dieses Feld ist erforderlich\"}},\"input_text_3\":{\"required\":{\"value\":true,\"message\":\"Dieses Feld ist erforderlich\",\"global_message\":\"Dieses Feld ist erforderlich\",\"global\":true}}},\"debounce_time\":300};\n                            <\/script>\n            <\/div><\/div>\n\n<\/div><\/div>","protected":false},"excerpt":{"rendered":"<p>So werdet ihr eine Pausenengel\u00a9 Schule \u2013 denn Zivilcourage ist lernbar, Pausenengel\u00a9 zeigen wie es geht. Ihr wollt eure Schule zur Pausenengelschule \u2013 machen? Hier erfahrt ihr, welche Schritte daf\u00fcr notwendig sind. Voraussetzung Teilnahme an einer Pr\u00e4senz- oder Online Schulung mit den Inhalten Theorie und Praxis und der Nachweis eines Fortbildungszertifikats durch den Pausenengel e.V. [&hellip;]<\/p>\n","protected":false},"author":1,"featured_media":0,"parent":0,"menu_order":0,"comment_status":"closed","ping_status":"closed","template":"","meta":{"_gspb_post_css":"#gspb_image-id-gsbp-a2d70851-a573 img{vertical-align:top;display:inline-block;box-sizing:border-box;max-width:100%;width:300px;height:auto}#gspb_image-id-gsbp-a2d70851-a573{height:auto}@media (max-width:991.98px){#gspb_image-id-gsbp-a2d70851-a573,#gspb_image-id-gsbp-a2d70851-a573 img{height:auto}}@media (max-width:767.98px){#gspb_image-id-gsbp-a2d70851-a573,#gspb_image-id-gsbp-a2d70851-a573 img{height:auto}}@media (max-width:575.98px){#gspb_image-id-gsbp-a2d70851-a573,#gspb_image-id-gsbp-a2d70851-a573 img{height:auto}}","_monsterinsights_skip_tracking":false,"_monsterinsights_sitenote_active":false,"_monsterinsights_sitenote_note":"","_monsterinsights_sitenote_category":0,"_uf_show_specific_survey":0,"_uf_disable_surveys":false,"footnotes":""},"class_list":["post-47","page","type-page","status-publish","hentry"],"blocksy_meta":[],"aioseo_notices":[],"_links":{"self":[{"href":"https:\/\/pausenengel.de\/index.php?rest_route=\/wp\/v2\/pages\/47","targetHints":{"allow":["GET"]}}],"collection":[{"href":"https:\/\/pausenengel.de\/index.php?rest_route=\/wp\/v2\/pages"}],"about":[{"href":"https:\/\/pausenengel.de\/index.php?rest_route=\/wp\/v2\/types\/page"}],"author":[{"embeddable":true,"href":"https:\/\/pausenengel.de\/index.php?rest_route=\/wp\/v2\/users\/1"}],"replies":[{"embeddable":true,"href":"https:\/\/pausenengel.de\/index.php?rest_route=%2Fwp%2Fv2%2Fcomments&post=47"}],"version-history":[{"count":0,"href":"https:\/\/pausenengel.de\/index.php?rest_route=\/wp\/v2\/pages\/47\/revisions"}],"wp:attachment":[{"href":"https:\/\/pausenengel.de\/index.php?rest_route=%2Fwp%2Fv2%2Fmedia&parent=47"}],"curies":[{"name":"wp","href":"https:\/\/api.w.org\/{rel}","templated":true}]}}