{"id":896,"date":"2023-09-26T19:52:05","date_gmt":"2023-09-26T19:52:05","guid":{"rendered":"https:\/\/pausenengel.de\/?page_id=896"},"modified":"2023-09-26T19:52:06","modified_gmt":"2023-09-26T19:52:06","slug":"philosophie","status":"publish","type":"page","link":"https:\/\/pausenengel.de\/?page_id=896","title":{"rendered":"Philosophie"},"content":{"rendered":"\n<p><br>Zivilcourage ist lernbar \u2013 Pausenengel zeigen, wie es geht.<br>Die &#8222;Pausenengel&#8220; sind eine Initiative, bei der Sch\u00fclerinnen und Sch\u00fcler dazu ermutigt<br>werden, Zivilcourage zu zeigen und sich f\u00fcreinander einzusetzen, insbesondere in Pausen-<br>und Konfliktsituationen. Das Hauptziel besteht darin, das soziale Klima an Schulen zu<br>verbessern, Mobbing zu reduzieren und ein unterst\u00fctzendes Umfeld zu schaffen.<\/p>\n\n\n\n<p><br>In vielen Schulen haben Sch\u00fclerinnen und Sch\u00fcler oft Angst davor, sich einzumischen oder<br>anderen zu helfen, wenn sie Zeuge von Streit, Mobbing oder anderen Konflikten werden.<br>Das Konzept der Pausenengel zielt darauf ab, diese Hemmschwelle zu \u00fcberwinden und eine<br>Kultur der Solidarit\u00e4t und gegenseitigen Unterst\u00fctzung zu f\u00f6rdern. Die Idee ist, dass<br>ausgew\u00e4hlte Sch\u00fclerinnen und Sch\u00fcler als &#8222;Pausenengel&#8220; fungieren und in solchen<br>Situationen eingreifen oder Hilfe anbieten.<br>Die Ausbildung von Pausenengeln kann verschiedene Aspekte umfassen:<\/p>\n\n\n\n<ol class=\"wp-block-list\">\n<li>Zivilcourage: Sch\u00fclerinnen und Sch\u00fcler lernen, wie sie in schwierigen Situationen<br>couragiert handeln k\u00f6nnen, ohne sich selbst in Gefahr zu bringen.<\/li>\n\n\n\n<li>Kommunikation und Konfliktl\u00f6sung: Die Ausbildung kann Techniken zur gewaltfreien<br>Kommunikation und zur L\u00f6sung von Konflikten vermitteln.<\/li>\n\n\n\n<li>Empathie und Sensibilit\u00e4t: Sch\u00fclerinnen und Sch\u00fcler werden darin geschult, die<br>Bed\u00fcrfnisse anderer zu erkennen und einf\u00fchlsam auf sie einzugehen.<\/li>\n\n\n\n<li>Selbstreflexion: Die Pausenengel werden ermutigt, ihre eigenen St\u00e4rken und<br>Schw\u00e4chen zu reflektieren und ihre Rolle als Unterst\u00fctzer anderer zu verstehen.<\/li>\n\n\n\n<li>Reale Lebenssituationen: Die Ausbildung kann praktische \u00dcbungen und Rollenspiele<br>beinhalten, um die erlernten F\u00e4higkeiten in realen Situationen zu erproben.<br><\/li>\n<\/ol>\n\n\n\n<p>Das Konzept der Pausenengel basiert auf der Idee, dass jeder Sch\u00fcler und jede Sch\u00fclerin<br>einen Beitrag zur Schaffung eines positiven Schulklimas leisten kann. Indem sie sich selbstlos und unaufdringlich f\u00fcr andere einsetzen, k\u00f6nnen Pausenengel helfen, ein Klima des<br>Vertrauens und der Unterst\u00fctzung zu schaffen, das Mobbing und Ausgrenzung reduziert.<\/p>\n\n\n\n<p>Es ist sch\u00f6n zu sehen, dass der Begriff &#8222;Pausenengel&#8220; von Sch\u00fclern selbst kreiert wurde.<br>Denn \u201eEngel\u201c sind in vielen Kulturen ein Symbol f\u00fcr unsichtbare Helfer und Unterst\u00fctzer in schwierigen Situationen.<\/p>\n\n\n\n<p>So wird die eigene Schule ein Ort des respektvollen Miteinanders und der Unterst\u00fctzung, in dem sich Sch\u00fclerinnen und Sch\u00fcler sicher f\u00fchlen und ihr Potenzial entfalten k\u00f6nnen.<\/p>\n","protected":false},"excerpt":{"rendered":"<p>Zivilcourage ist lernbar \u2013 Pausenengel zeigen, wie es geht.Die &#8222;Pausenengel&#8220; sind eine Initiative, bei der Sch\u00fclerinnen und Sch\u00fcler dazu ermutigtwerden, Zivilcourage zu zeigen und sich f\u00fcreinander einzusetzen, insbesondere in Pausen-und Konfliktsituationen. Das Hauptziel besteht darin, das soziale Klima an Schulen zuverbessern, Mobbing zu reduzieren und ein unterst\u00fctzendes Umfeld zu schaffen. In vielen Schulen haben Sch\u00fclerinnen [&hellip;]<\/p>\n","protected":false},"author":1,"featured_media":0,"parent":0,"menu_order":0,"comment_status":"closed","ping_status":"closed","template":"","meta":{"_gspb_post_css":"","_monsterinsights_skip_tracking":false,"_monsterinsights_sitenote_active":false,"_monsterinsights_sitenote_note":"","_monsterinsights_sitenote_category":0,"_uf_show_specific_survey":0,"_uf_disable_surveys":false,"footnotes":""},"class_list":["post-896","page","type-page","status-publish","hentry"],"blocksy_meta":[],"aioseo_notices":[],"_links":{"self":[{"href":"https:\/\/pausenengel.de\/index.php?rest_route=\/wp\/v2\/pages\/896","targetHints":{"allow":["GET"]}}],"collection":[{"href":"https:\/\/pausenengel.de\/index.php?rest_route=\/wp\/v2\/pages"}],"about":[{"href":"https:\/\/pausenengel.de\/index.php?rest_route=\/wp\/v2\/types\/page"}],"author":[{"embeddable":true,"href":"https:\/\/pausenengel.de\/index.php?rest_route=\/wp\/v2\/users\/1"}],"replies":[{"embeddable":true,"href":"https:\/\/pausenengel.de\/index.php?rest_route=%2Fwp%2Fv2%2Fcomments&post=896"}],"version-history":[{"count":0,"href":"https:\/\/pausenengel.de\/index.php?rest_route=\/wp\/v2\/pages\/896\/revisions"}],"wp:attachment":[{"href":"https:\/\/pausenengel.de\/index.php?rest_route=%2Fwp%2Fv2%2Fmedia&parent=896"}],"curies":[{"name":"wp","href":"https:\/\/api.w.org\/{rel}","templated":true}]}}